{"id":89,"date":"2021-06-05T13:34:39","date_gmt":"2021-06-05T13:34:39","guid":{"rendered":"https:\/\/rehazen.live-website.com\/?page_id=89"},"modified":"2025-08-07T05:27:36","modified_gmt":"2025-08-07T05:27:36","slug":"praxis","status":"publish","type":"page","link":"https:\/\/xn--rehazen-jlich-4ob.de\/?page_id=89","title":{"rendered":"Praxis"},"content":{"rendered":"<style>.kb-gallery-id-89_1e83b0-80 .kadence-blocks-gallery-item .kb-gal-image-radius{border-radius:0px 0px 0px 0px;;}<\/style><div class=\"kb-gallery-wrap-id-89_1e83b0-80 alignnone wp-block-kadence-advancedgallery\"><div class=\"kb-gallery-ul kb-gallery-non-static kb-gallery-type-slider kb-gallery-id-89_1e83b0-80 kb-gallery-caption-style-bottom-hover kb-gallery-filter-none\" data-image-filter=\"none\" data-lightbox-caption=\"true\"><div class=\"kt-blocks-carousel kt-carousel-container-dotstyle-dark\"><div class=\"kt-blocks-carousel-init kb-blocks-slider kt-carousel-arrowstyle-whiteondark kt-carousel-dotstyle-dark\" data-slider-anim-speed=\"400\" data-slider-scroll=\"1\" data-slider-arrows=\"true\" data-slider-fade=\"true\" data-slider-dots=\"true\"data-slider-type=\"slider\"  data-slider-hover-pause=\"false\" data-slider-auto=\"\" data-slider-speed=\"7000\"><div class=\"kb-slide-item kb-gallery-slide-item\"><div class=\"kadence-blocks-gallery-item\"><div class=\"kadence-blocks-gallery-item-inner\"><figure class=\"kb-gallery-figure kadence-blocks-gallery-item-hide-caption\" \"><div class=\"kb-gal-image-radius\"><div class=\"kb-gallery-image-contain kadence-blocks-gallery-intrinsic kb-gallery-image-ratio-land32 kb-has-image-ratio-land32\" ><img decoding=\"async\" loading=\"lazy\" src=\"https:\/\/xn--rehazen-jlich-4ob.de\/wp-content\/uploads\/2025\/08\/RehaZen_315-1024x768.jpg\" width=\"1024\" height=\"768\" alt=\"\" data-full-image=\"https:\/\/xn--rehazen-jlich-4ob.de\/wp-content\/uploads\/2025\/08\/RehaZen_315-scaled.jpg\" data-light-image=\"https:\/\/xn--rehazen-jlich-4ob.de\/wp-content\/uploads\/2025\/08\/RehaZen_315-scaled.jpg\" data-id=\"467\" class=\"wp-image-467 skip-lazy\" srcset=\"https:\/\/xn--rehazen-jlich-4ob.de\/wp-content\/uploads\/2025\/08\/RehaZen_315-1024x768.jpg 1024w, https:\/\/xn--rehazen-jlich-4ob.de\/wp-content\/uploads\/2025\/08\/RehaZen_315-300x225.jpg 300w, https:\/\/xn--rehazen-jlich-4ob.de\/wp-content\/uploads\/2025\/08\/RehaZen_315-768x576.jpg 768w, https:\/\/xn--rehazen-jlich-4ob.de\/wp-content\/uploads\/2025\/08\/RehaZen_315-1536x1152.jpg 1536w, https:\/\/xn--rehazen-jlich-4ob.de\/wp-content\/uploads\/2025\/08\/RehaZen_315-2048x1536.jpg 2048w, https:\/\/xn--rehazen-jlich-4ob.de\/wp-content\/uploads\/2025\/08\/RehaZen_315-200x150.jpg 200w, https:\/\/xn--rehazen-jlich-4ob.de\/wp-content\/uploads\/2025\/08\/RehaZen_315-690x518.jpg 690w\" sizes=\"(max-width: 1024px) 100vw, 1024px\" \/><\/div><\/div><\/figure><\/div><\/div><\/div><div class=\"kb-slide-item kb-gallery-slide-item\"><div class=\"kadence-blocks-gallery-item\"><div class=\"kadence-blocks-gallery-item-inner\"><figure class=\"kb-gallery-figure kadence-blocks-gallery-item-hide-caption\" \"><div class=\"kb-gal-image-radius\"><div class=\"kb-gallery-image-contain kadence-blocks-gallery-intrinsic kb-gallery-image-ratio-land32 kb-has-image-ratio-land32\" ><img decoding=\"async\" loading=\"lazy\" src=\"https:\/\/xn--rehazen-jlich-4ob.de\/wp-content\/uploads\/2025\/08\/RehaZen_343-1024x768.jpg\" width=\"1024\" height=\"768\" alt=\"\" data-full-image=\"https:\/\/xn--rehazen-jlich-4ob.de\/wp-content\/uploads\/2025\/08\/RehaZen_343-scaled.jpg\" data-light-image=\"https:\/\/xn--rehazen-jlich-4ob.de\/wp-content\/uploads\/2025\/08\/RehaZen_343-scaled.jpg\" data-id=\"468\" class=\"wp-image-468 skip-lazy\" srcset=\"https:\/\/xn--rehazen-jlich-4ob.de\/wp-content\/uploads\/2025\/08\/RehaZen_343-1024x768.jpg 1024w, https:\/\/xn--rehazen-jlich-4ob.de\/wp-content\/uploads\/2025\/08\/RehaZen_343-300x225.jpg 300w, https:\/\/xn--rehazen-jlich-4ob.de\/wp-content\/uploads\/2025\/08\/RehaZen_343-768x576.jpg 768w, https:\/\/xn--rehazen-jlich-4ob.de\/wp-content\/uploads\/2025\/08\/RehaZen_343-1536x1152.jpg 1536w, https:\/\/xn--rehazen-jlich-4ob.de\/wp-content\/uploads\/2025\/08\/RehaZen_343-2048x1536.jpg 2048w, https:\/\/xn--rehazen-jlich-4ob.de\/wp-content\/uploads\/2025\/08\/RehaZen_343-200x150.jpg 200w, https:\/\/xn--rehazen-jlich-4ob.de\/wp-content\/uploads\/2025\/08\/RehaZen_343-690x518.jpg 690w\" sizes=\"(max-width: 1024px) 100vw, 1024px\" \/><\/div><\/div><\/figure><\/div><\/div><\/div><div class=\"kb-slide-item kb-gallery-slide-item\"><div class=\"kadence-blocks-gallery-item\"><div class=\"kadence-blocks-gallery-item-inner\"><figure class=\"kb-gallery-figure kadence-blocks-gallery-item-hide-caption\" \"><div class=\"kb-gal-image-radius\"><div class=\"kb-gallery-image-contain kadence-blocks-gallery-intrinsic kb-gallery-image-ratio-land32 kb-has-image-ratio-land32\" ><img decoding=\"async\" loading=\"lazy\" src=\"https:\/\/xn--rehazen-jlich-4ob.de\/wp-content\/uploads\/2021\/09\/IMG_7352-1024x768.jpg\" width=\"1024\" height=\"768\" alt=\"\" data-full-image=\"https:\/\/xn--rehazen-jlich-4ob.de\/wp-content\/uploads\/2021\/09\/IMG_7352-scaled.jpg\" data-light-image=\"https:\/\/xn--rehazen-jlich-4ob.de\/wp-content\/uploads\/2021\/09\/IMG_7352-scaled.jpg\" data-id=\"323\" class=\"wp-image-323 skip-lazy\" srcset=\"https:\/\/xn--rehazen-jlich-4ob.de\/wp-content\/uploads\/2021\/09\/IMG_7352-1024x768.jpg 1024w, https:\/\/xn--rehazen-jlich-4ob.de\/wp-content\/uploads\/2021\/09\/IMG_7352-300x225.jpg 300w, https:\/\/xn--rehazen-jlich-4ob.de\/wp-content\/uploads\/2021\/09\/IMG_7352-768x576.jpg 768w, https:\/\/xn--rehazen-jlich-4ob.de\/wp-content\/uploads\/2021\/09\/IMG_7352-1536x1152.jpg 1536w, https:\/\/xn--rehazen-jlich-4ob.de\/wp-content\/uploads\/2021\/09\/IMG_7352-2048x1536.jpg 2048w, https:\/\/xn--rehazen-jlich-4ob.de\/wp-content\/uploads\/2021\/09\/IMG_7352-200x150.jpg 200w, https:\/\/xn--rehazen-jlich-4ob.de\/wp-content\/uploads\/2021\/09\/IMG_7352-690x518.jpg 690w\" sizes=\"(max-width: 1024px) 100vw, 1024px\" \/><\/div><\/div><\/figure><\/div><\/div><\/div><div class=\"kb-slide-item kb-gallery-slide-item\"><div class=\"kadence-blocks-gallery-item\"><div class=\"kadence-blocks-gallery-item-inner\"><figure class=\"kb-gallery-figure kadence-blocks-gallery-item-hide-caption\" \"><div class=\"kb-gal-image-radius\"><div class=\"kb-gallery-image-contain kadence-blocks-gallery-intrinsic kb-gallery-image-ratio-land32 kb-has-image-ratio-land32\" ><img decoding=\"async\" loading=\"lazy\" src=\"https:\/\/xn--rehazen-jlich-4ob.de\/wp-content\/uploads\/2025\/08\/RehaZen_226-1024x768.jpg\" width=\"1024\" height=\"768\" alt=\"\" data-full-image=\"https:\/\/xn--rehazen-jlich-4ob.de\/wp-content\/uploads\/2025\/08\/RehaZen_226-scaled.jpg\" data-light-image=\"https:\/\/xn--rehazen-jlich-4ob.de\/wp-content\/uploads\/2025\/08\/RehaZen_226-scaled.jpg\" data-id=\"465\" class=\"wp-image-465 skip-lazy\" srcset=\"https:\/\/xn--rehazen-jlich-4ob.de\/wp-content\/uploads\/2025\/08\/RehaZen_226-1024x768.jpg 1024w, https:\/\/xn--rehazen-jlich-4ob.de\/wp-content\/uploads\/2025\/08\/RehaZen_226-300x225.jpg 300w, https:\/\/xn--rehazen-jlich-4ob.de\/wp-content\/uploads\/2025\/08\/RehaZen_226-768x576.jpg 768w, https:\/\/xn--rehazen-jlich-4ob.de\/wp-content\/uploads\/2025\/08\/RehaZen_226-1536x1152.jpg 1536w, https:\/\/xn--rehazen-jlich-4ob.de\/wp-content\/uploads\/2025\/08\/RehaZen_226-2048x1536.jpg 2048w, https:\/\/xn--rehazen-jlich-4ob.de\/wp-content\/uploads\/2025\/08\/RehaZen_226-200x150.jpg 200w, https:\/\/xn--rehazen-jlich-4ob.de\/wp-content\/uploads\/2025\/08\/RehaZen_226-690x518.jpg 690w\" sizes=\"(max-width: 1024px) 100vw, 1024px\" \/><\/div><\/div><\/figure><\/div><\/div><\/div><div class=\"kb-slide-item kb-gallery-slide-item\"><div class=\"kadence-blocks-gallery-item\"><div class=\"kadence-blocks-gallery-item-inner\"><figure class=\"kb-gallery-figure kadence-blocks-gallery-item-hide-caption\" \"><div class=\"kb-gal-image-radius\"><div class=\"kb-gallery-image-contain kadence-blocks-gallery-intrinsic kb-gallery-image-ratio-land32 kb-has-image-ratio-land32\" ><img decoding=\"async\" loading=\"lazy\" src=\"https:\/\/xn--rehazen-jlich-4ob.de\/wp-content\/uploads\/2025\/08\/RehaZen_311-1-768x1024.jpg\" width=\"768\" height=\"1024\" alt=\"\" data-full-image=\"https:\/\/xn--rehazen-jlich-4ob.de\/wp-content\/uploads\/2025\/08\/RehaZen_311-1-scaled.jpg\" data-light-image=\"https:\/\/xn--rehazen-jlich-4ob.de\/wp-content\/uploads\/2025\/08\/RehaZen_311-1-scaled.jpg\" data-id=\"464\" class=\"wp-image-464 skip-lazy\" srcset=\"https:\/\/xn--rehazen-jlich-4ob.de\/wp-content\/uploads\/2025\/08\/RehaZen_311-1-768x1024.jpg 768w, https:\/\/xn--rehazen-jlich-4ob.de\/wp-content\/uploads\/2025\/08\/RehaZen_311-1-225x300.jpg 225w, https:\/\/xn--rehazen-jlich-4ob.de\/wp-content\/uploads\/2025\/08\/RehaZen_311-1-1152x1536.jpg 1152w, https:\/\/xn--rehazen-jlich-4ob.de\/wp-content\/uploads\/2025\/08\/RehaZen_311-1-1536x2048.jpg 1536w, https:\/\/xn--rehazen-jlich-4ob.de\/wp-content\/uploads\/2025\/08\/RehaZen_311-1-200x267.jpg 200w, https:\/\/xn--rehazen-jlich-4ob.de\/wp-content\/uploads\/2025\/08\/RehaZen_311-1-690x920.jpg 690w, https:\/\/xn--rehazen-jlich-4ob.de\/wp-content\/uploads\/2025\/08\/RehaZen_311-1-scaled.jpg 1920w\" sizes=\"(max-width: 768px) 100vw, 768px\" \/><\/div><\/div><\/figure><\/div><\/div><\/div><div class=\"kb-slide-item kb-gallery-slide-item\"><div class=\"kadence-blocks-gallery-item\"><div class=\"kadence-blocks-gallery-item-inner\"><figure class=\"kb-gallery-figure kadence-blocks-gallery-item-hide-caption\" \"><div class=\"kb-gal-image-radius\"><div class=\"kb-gallery-image-contain kadence-blocks-gallery-intrinsic kb-gallery-image-ratio-land32 kb-has-image-ratio-land32\" ><img decoding=\"async\" loading=\"lazy\" src=\"https:\/\/xn--rehazen-jlich-4ob.de\/wp-content\/uploads\/2021\/09\/IMG_7362-1024x768.jpg\" width=\"1024\" height=\"768\" alt=\"\" data-full-image=\"https:\/\/xn--rehazen-jlich-4ob.de\/wp-content\/uploads\/2021\/09\/IMG_7362-scaled.jpg\" data-light-image=\"https:\/\/xn--rehazen-jlich-4ob.de\/wp-content\/uploads\/2021\/09\/IMG_7362-scaled.jpg\" data-id=\"326\" class=\"wp-image-326 skip-lazy\" srcset=\"https:\/\/xn--rehazen-jlich-4ob.de\/wp-content\/uploads\/2021\/09\/IMG_7362-1024x768.jpg 1024w, https:\/\/xn--rehazen-jlich-4ob.de\/wp-content\/uploads\/2021\/09\/IMG_7362-300x225.jpg 300w, https:\/\/xn--rehazen-jlich-4ob.de\/wp-content\/uploads\/2021\/09\/IMG_7362-768x576.jpg 768w, https:\/\/xn--rehazen-jlich-4ob.de\/wp-content\/uploads\/2021\/09\/IMG_7362-1536x1152.jpg 1536w, https:\/\/xn--rehazen-jlich-4ob.de\/wp-content\/uploads\/2021\/09\/IMG_7362-2048x1536.jpg 2048w, https:\/\/xn--rehazen-jlich-4ob.de\/wp-content\/uploads\/2021\/09\/IMG_7362-200x150.jpg 200w, https:\/\/xn--rehazen-jlich-4ob.de\/wp-content\/uploads\/2021\/09\/IMG_7362-690x518.jpg 690w\" sizes=\"(max-width: 1024px) 100vw, 1024px\" \/><\/div><\/div><\/figure><\/div><\/div><\/div><div class=\"kb-slide-item kb-gallery-slide-item\"><div class=\"kadence-blocks-gallery-item\"><div class=\"kadence-blocks-gallery-item-inner\"><figure class=\"kb-gallery-figure kadence-blocks-gallery-item-hide-caption\" \"><div class=\"kb-gal-image-radius\"><div class=\"kb-gallery-image-contain kadence-blocks-gallery-intrinsic kb-gallery-image-ratio-land32 kb-has-image-ratio-land32\" ><img decoding=\"async\" loading=\"lazy\" src=\"https:\/\/xn--rehazen-jlich-4ob.de\/wp-content\/uploads\/2025\/08\/RehaZen_211-1024x768.jpg\" width=\"1024\" height=\"768\" alt=\"\" data-full-image=\"https:\/\/xn--rehazen-jlich-4ob.de\/wp-content\/uploads\/2025\/08\/RehaZen_211-scaled.jpg\" data-light-image=\"https:\/\/xn--rehazen-jlich-4ob.de\/wp-content\/uploads\/2025\/08\/RehaZen_211-scaled.jpg\" data-id=\"466\" class=\"wp-image-466 skip-lazy\" srcset=\"https:\/\/xn--rehazen-jlich-4ob.de\/wp-content\/uploads\/2025\/08\/RehaZen_211-1024x768.jpg 1024w, https:\/\/xn--rehazen-jlich-4ob.de\/wp-content\/uploads\/2025\/08\/RehaZen_211-300x225.jpg 300w, https:\/\/xn--rehazen-jlich-4ob.de\/wp-content\/uploads\/2025\/08\/RehaZen_211-768x576.jpg 768w, https:\/\/xn--rehazen-jlich-4ob.de\/wp-content\/uploads\/2025\/08\/RehaZen_211-1536x1152.jpg 1536w, https:\/\/xn--rehazen-jlich-4ob.de\/wp-content\/uploads\/2025\/08\/RehaZen_211-2048x1536.jpg 2048w, https:\/\/xn--rehazen-jlich-4ob.de\/wp-content\/uploads\/2025\/08\/RehaZen_211-200x150.jpg 200w, https:\/\/xn--rehazen-jlich-4ob.de\/wp-content\/uploads\/2025\/08\/RehaZen_211-690x518.jpg 690w\" sizes=\"(max-width: 1024px) 100vw, 1024px\" \/><\/div><\/div><\/figure><\/div><\/div><\/div><div class=\"kb-slide-item kb-gallery-slide-item\"><div class=\"kadence-blocks-gallery-item\"><div class=\"kadence-blocks-gallery-item-inner\"><figure class=\"kb-gallery-figure kadence-blocks-gallery-item-hide-caption\" \"><div class=\"kb-gal-image-radius\"><div class=\"kb-gallery-image-contain kadence-blocks-gallery-intrinsic kb-gallery-image-ratio-land32 kb-has-image-ratio-land32\" ><img decoding=\"async\" loading=\"lazy\" src=\"https:\/\/xn--rehazen-jlich-4ob.de\/wp-content\/uploads\/2025\/08\/RehaZen_049-1024x768.jpg\" width=\"1024\" height=\"768\" alt=\"\" data-full-image=\"https:\/\/xn--rehazen-jlich-4ob.de\/wp-content\/uploads\/2025\/08\/RehaZen_049-scaled.jpg\" data-light-image=\"https:\/\/xn--rehazen-jlich-4ob.de\/wp-content\/uploads\/2025\/08\/RehaZen_049-scaled.jpg\" data-id=\"469\" class=\"wp-image-469 skip-lazy\" srcset=\"https:\/\/xn--rehazen-jlich-4ob.de\/wp-content\/uploads\/2025\/08\/RehaZen_049-1024x768.jpg 1024w, https:\/\/xn--rehazen-jlich-4ob.de\/wp-content\/uploads\/2025\/08\/RehaZen_049-300x225.jpg 300w, https:\/\/xn--rehazen-jlich-4ob.de\/wp-content\/uploads\/2025\/08\/RehaZen_049-768x576.jpg 768w, https:\/\/xn--rehazen-jlich-4ob.de\/wp-content\/uploads\/2025\/08\/RehaZen_049-1536x1152.jpg 1536w, https:\/\/xn--rehazen-jlich-4ob.de\/wp-content\/uploads\/2025\/08\/RehaZen_049-2048x1536.jpg 2048w, https:\/\/xn--rehazen-jlich-4ob.de\/wp-content\/uploads\/2025\/08\/RehaZen_049-200x150.jpg 200w, https:\/\/xn--rehazen-jlich-4ob.de\/wp-content\/uploads\/2025\/08\/RehaZen_049-690x518.jpg 690w\" sizes=\"(max-width: 1024px) 100vw, 1024px\" \/><\/div><\/div><\/figure><\/div><\/div><\/div><div class=\"kb-slide-item kb-gallery-slide-item\"><div class=\"kadence-blocks-gallery-item\"><div class=\"kadence-blocks-gallery-item-inner\"><figure class=\"kb-gallery-figure kadence-blocks-gallery-item-hide-caption\" \"><div class=\"kb-gal-image-radius\"><div class=\"kb-gallery-image-contain kadence-blocks-gallery-intrinsic kb-gallery-image-ratio-land32 kb-has-image-ratio-land32\" ><img decoding=\"async\" loading=\"lazy\" src=\"https:\/\/xn--rehazen-jlich-4ob.de\/wp-content\/uploads\/2025\/08\/RehaZen_208-1024x768.jpg\" width=\"1024\" height=\"768\" alt=\"\" data-full-image=\"https:\/\/xn--rehazen-jlich-4ob.de\/wp-content\/uploads\/2025\/08\/RehaZen_208-scaled.jpg\" data-light-image=\"https:\/\/xn--rehazen-jlich-4ob.de\/wp-content\/uploads\/2025\/08\/RehaZen_208-scaled.jpg\" data-id=\"471\" class=\"wp-image-471 skip-lazy\" srcset=\"https:\/\/xn--rehazen-jlich-4ob.de\/wp-content\/uploads\/2025\/08\/RehaZen_208-1024x768.jpg 1024w, https:\/\/xn--rehazen-jlich-4ob.de\/wp-content\/uploads\/2025\/08\/RehaZen_208-300x225.jpg 300w, https:\/\/xn--rehazen-jlich-4ob.de\/wp-content\/uploads\/2025\/08\/RehaZen_208-768x576.jpg 768w, https:\/\/xn--rehazen-jlich-4ob.de\/wp-content\/uploads\/2025\/08\/RehaZen_208-1536x1152.jpg 1536w, https:\/\/xn--rehazen-jlich-4ob.de\/wp-content\/uploads\/2025\/08\/RehaZen_208-2048x1536.jpg 2048w, https:\/\/xn--rehazen-jlich-4ob.de\/wp-content\/uploads\/2025\/08\/RehaZen_208-200x150.jpg 200w, https:\/\/xn--rehazen-jlich-4ob.de\/wp-content\/uploads\/2025\/08\/RehaZen_208-690x518.jpg 690w\" sizes=\"(max-width: 1024px) 100vw, 1024px\" \/><\/div><\/div><\/figure><\/div><\/div><\/div><div class=\"kb-slide-item kb-gallery-slide-item\"><div class=\"kadence-blocks-gallery-item\"><div class=\"kadence-blocks-gallery-item-inner\"><figure class=\"kb-gallery-figure kadence-blocks-gallery-item-hide-caption\" \"><div class=\"kb-gal-image-radius\"><div class=\"kb-gallery-image-contain kadence-blocks-gallery-intrinsic kb-gallery-image-ratio-land32 kb-has-image-ratio-land32\" ><img decoding=\"async\" loading=\"lazy\" src=\"https:\/\/xn--rehazen-jlich-4ob.de\/wp-content\/uploads\/2025\/08\/RehaZen_001-1024x768.jpg\" width=\"1024\" height=\"768\" alt=\"\" data-full-image=\"https:\/\/xn--rehazen-jlich-4ob.de\/wp-content\/uploads\/2025\/08\/RehaZen_001-scaled.jpg\" data-light-image=\"https:\/\/xn--rehazen-jlich-4ob.de\/wp-content\/uploads\/2025\/08\/RehaZen_001-scaled.jpg\" data-id=\"472\" class=\"wp-image-472 skip-lazy\" srcset=\"https:\/\/xn--rehazen-jlich-4ob.de\/wp-content\/uploads\/2025\/08\/RehaZen_001-1024x768.jpg 1024w, https:\/\/xn--rehazen-jlich-4ob.de\/wp-content\/uploads\/2025\/08\/RehaZen_001-300x225.jpg 300w, https:\/\/xn--rehazen-jlich-4ob.de\/wp-content\/uploads\/2025\/08\/RehaZen_001-768x576.jpg 768w, https:\/\/xn--rehazen-jlich-4ob.de\/wp-content\/uploads\/2025\/08\/RehaZen_001-1536x1152.jpg 1536w, https:\/\/xn--rehazen-jlich-4ob.de\/wp-content\/uploads\/2025\/08\/RehaZen_001-2048x1536.jpg 2048w, https:\/\/xn--rehazen-jlich-4ob.de\/wp-content\/uploads\/2025\/08\/RehaZen_001-200x150.jpg 200w, https:\/\/xn--rehazen-jlich-4ob.de\/wp-content\/uploads\/2025\/08\/RehaZen_001-690x518.jpg 690w\" sizes=\"(max-width: 1024px) 100vw, 1024px\" \/><\/div><\/div><\/figure><\/div><\/div><\/div><\/div><\/div><\/div><\/div>\n\n\n<p>Wir freuen uns Sie in unserer Praxis begr\u00fc\u00dfen zu d\u00fcrfen. <\/p>\n","protected":false},"excerpt":{"rendered":"<p>Wir freuen uns Sie in unserer Praxis begr\u00fc\u00dfen zu d\u00fcrfen.<\/p>\n","protected":false},"author":1,"featured_media":0,"parent":0,"menu_order":0,"comment_status":"closed","ping_status":"closed","template":"","meta":{"_monsterinsights_skip_tracking":false,"_monsterinsights_sitenote_active":false,"_monsterinsights_sitenote_note":"","_monsterinsights_sitenote_category":0,"site-sidebar-layout":"default","site-content-layout":"","ast-site-content-layout":"default","site-content-style":"default","site-sidebar-style":"default","ast-global-header-display":"","ast-banner-title-visibility":"","ast-main-header-display":"","ast-hfb-above-header-display":"","ast-hfb-below-header-display":"","ast-hfb-mobile-header-display":"","site-post-title":"","ast-breadcrumbs-content":"","ast-featured-img":"","footer-sml-layout":"","ast-disable-related-posts":"","theme-transparent-header-meta":"","adv-header-id-meta":"","stick-header-meta":"","header-above-stick-meta":"","header-main-stick-meta":"","header-below-stick-meta":"","astra-migrate-meta-layouts":"default","ast-page-background-enabled":"default","ast-page-background-meta":{"desktop":{"background-color":"var(--ast-global-color-5)","background-image":"","background-repeat":"repeat","background-position":"center center","background-size":"auto","background-attachment":"scroll","background-type":"","background-media":"","overlay-type":"","overlay-color":"","overlay-opacity":"","overlay-gradient":""},"tablet":{"background-color":"","background-image":"","background-repeat":"repeat","background-position":"center center","background-size":"auto","background-attachment":"scroll","background-type":"","background-media":"","overlay-type":"","overlay-color":"","overlay-opacity":"","overlay-gradient":""},"mobile":{"background-color":"","background-image":"","background-repeat":"repeat","background-position":"center center","background-size":"auto","background-attachment":"scroll","background-type":"","background-media":"","overlay-type":"","overlay-color":"","overlay-opacity":"","overlay-gradient":""}},"ast-content-background-meta":{"desktop":{"background-color":"var(--ast-global-color-4)","background-image":"","background-repeat":"repeat","background-position":"center center","background-size":"auto","background-attachment":"scroll","background-type":"","background-media":"","overlay-type":"","overlay-color":"","overlay-opacity":"","overlay-gradient":""},"tablet":{"background-color":"var(--ast-global-color-4)","background-image":"","background-repeat":"repeat","background-position":"center center","background-size":"auto","background-attachment":"scroll","background-type":"","background-media":"","overlay-type":"","overlay-color":"","overlay-opacity":"","overlay-gradient":""},"mobile":{"background-color":"var(--ast-global-color-4)","background-image":"","background-repeat":"repeat","background-position":"center center","background-size":"auto","background-attachment":"scroll","background-type":"","background-media":"","overlay-type":"","overlay-color":"","overlay-opacity":"","overlay-gradient":""}},"footnotes":""},"aioseo_notices":[],"_links":{"self":[{"href":"https:\/\/xn--rehazen-jlich-4ob.de\/index.php?rest_route=\/wp\/v2\/pages\/89"}],"collection":[{"href":"https:\/\/xn--rehazen-jlich-4ob.de\/index.php?rest_route=\/wp\/v2\/pages"}],"about":[{"href":"https:\/\/xn--rehazen-jlich-4ob.de\/index.php?rest_route=\/wp\/v2\/types\/page"}],"author":[{"embeddable":true,"href":"https:\/\/xn--rehazen-jlich-4ob.de\/index.php?rest_route=\/wp\/v2\/users\/1"}],"replies":[{"embeddable":true,"href":"https:\/\/xn--rehazen-jlich-4ob.de\/index.php?rest_route=%2Fwp%2Fv2%2Fcomments&post=89"}],"version-history":[{"count":13,"href":"https:\/\/xn--rehazen-jlich-4ob.de\/index.php?rest_route=\/wp\/v2\/pages\/89\/revisions"}],"predecessor-version":[{"id":475,"href":"https:\/\/xn--rehazen-jlich-4ob.de\/index.php?rest_route=\/wp\/v2\/pages\/89\/revisions\/475"}],"wp:attachment":[{"href":"https:\/\/xn--rehazen-jlich-4ob.de\/index.php?rest_route=%2Fwp%2Fv2%2Fmedia&parent=89"}],"curies":[{"name":"wp","href":"https:\/\/api.w.org\/{rel}","templated":true}]}}