{"id":522,"date":"2026-01-29T21:03:58","date_gmt":"2026-01-29T21:03:58","guid":{"rendered":"https:\/\/xn--rehazen-jlich-4ob.de\/?page_id=522"},"modified":"2026-02-01T09:57:10","modified_gmt":"2026-02-01T09:57:10","slug":"praevention","status":"publish","type":"page","link":"https:\/\/xn--rehazen-jlich-4ob.de\/?page_id=522","title":{"rendered":"Pr\u00e4vention"},"content":{"rendered":"<style>.kb-row-layout-id522_53f066-04 > .kt-row-column-wrap{align-content:center;}:where(.kb-row-layout-id522_53f066-04 > .kt-row-column-wrap) > .wp-block-kadence-column{justify-content:center;}.kb-row-layout-id522_53f066-04 > .kt-row-column-wrap{column-gap:var(--global-kb-gap-md, 2rem);row-gap:var(--global-kb-gap-md, 2rem);max-width:1458px;margin-left:auto;margin-right:auto;padding-top:var(--global-kb-spacing-sm, 1.5rem);padding-bottom:var(--global-kb-spacing-sm, 1.5rem);grid-template-columns:minmax(0, 1fr);}.kb-row-layout-id522_53f066-04{background-image:url('https:\/\/xn--rehazen-jlich-4ob.de\/wp-content\/uploads\/2025\/08\/RehaZen_211-scaled.jpg');background-size:cover;background-position:63% 50%;background-attachment:scroll;background-repeat:no-repeat;}.kb-row-layout-id522_53f066-04 > .kt-row-layout-overlay{opacity:0.20;background-color:var(--ast-global-color-6);}@media all and (max-width: 1024px){.kb-row-layout-id522_53f066-04 > .kt-row-column-wrap{grid-template-columns:minmax(0, 1fr);}}@media all and (max-width: 767px){.kb-row-layout-id522_53f066-04 > .kt-row-column-wrap{grid-template-columns:minmax(0, 1fr);}}<\/style><div class=\"kb-row-layout-wrap kb-row-layout-id522_53f066-04 alignfull kt-row-has-bg wp-block-kadence-rowlayout\"><div class=\"kt-row-layout-overlay kt-row-overlay-normal\"><\/div><div class=\"kt-row-column-wrap kt-has-1-columns kt-row-layout-equal kt-tab-layout-inherit kt-mobile-layout-row kt-row-valign-middle\">\n<style>.kadence-column522_955a47-ac > .kt-inside-inner-col,.kadence-column522_955a47-ac > .kt-inside-inner-col:before{border-top-left-radius:0px;border-top-right-radius:0px;border-bottom-right-radius:0px;border-bottom-left-radius:0px;}.kadence-column522_955a47-ac > .kt-inside-inner-col{column-gap:var(--global-kb-gap-sm, 1rem);}.kadence-column522_955a47-ac > .kt-inside-inner-col{flex-direction:column;}.kadence-column522_955a47-ac > .kt-inside-inner-col > .aligncenter{width:100%;}.kadence-column522_955a47-ac > .kt-inside-inner-col:before{opacity:0.3;}.kadence-column522_955a47-ac, .kadence-column522_955a47-ac h1, .kadence-column522_955a47-ac h2, .kadence-column522_955a47-ac h3, .kadence-column522_955a47-ac h4, .kadence-column522_955a47-ac h5, .kadence-column522_955a47-ac h6{color:#d8dce2;}.kadence-column522_955a47-ac{position:relative;}@media all and (max-width: 1024px){.kadence-column522_955a47-ac > .kt-inside-inner-col{flex-direction:column;}}@media all and (max-width: 767px){.kadence-column522_955a47-ac > .kt-inside-inner-col{flex-direction:column;}}<\/style>\n<div class=\"wp-block-kadence-column kadence-column522_955a47-ac\"><div class=\"kt-inside-inner-col\">\n<h2 class=\"wp-block-heading has-text-align-center has-ast-global-color-5-color has-text-color has-large-font-size\"><strong>Mit Bewegung und Pr\u00e4vention fit durchs Leben<\/strong><\/h2>\n\n\n\n<p class=\"has-text-align-center has-ast-global-color-7-color has-text-color\"><strong>Unsere pr\u00e4ventiven Angebote unterst\u00fctzen Sie dabei, Beweglichkeit, Kraft und Stabilit\u00e4t langfristig zu erhalten \u2013 individuell, nachhaltig und mit Freude an Bewegung.<\/strong><\/p>\n<\/div><\/div>\n\n<\/div><\/div>\n\n<style>.kb-row-layout-id522_b454b6-f9 > .kt-row-column-wrap{align-content:start;}:where(.kb-row-layout-id522_b454b6-f9 > .kt-row-column-wrap) > .wp-block-kadence-column{justify-content:start;}.kb-row-layout-id522_b454b6-f9 > .kt-row-column-wrap{column-gap:var(--global-kb-gap-md, 2rem);row-gap:var(--global-kb-gap-md, 2rem);padding-top:var(--global-kb-spacing-xl, 4rem);padding-right:var(--global-kb-spacing-sm, 1.5rem);padding-bottom:var(--global-kb-spacing-xl, 4rem);padding-left:var(--global-kb-spacing-sm, 1.5rem);grid-template-columns:repeat(4, minmax(0, 1fr));}.kb-row-layout-id522_b454b6-f9{background-color:#f8f8f4;}.kb-row-layout-id522_b454b6-f9 > .kt-row-layout-overlay{opacity:0.30;}@media all and (max-width: 1024px){.kb-row-layout-id522_b454b6-f9 > .kt-row-column-wrap{grid-template-columns:repeat(4, minmax(0, 1fr));}}@media all and (max-width: 767px){.kb-row-layout-id522_b454b6-f9 > .kt-row-column-wrap{grid-template-columns:minmax(0, 1fr);}}<\/style><div class=\"kb-row-layout-wrap kb-row-layout-id522_b454b6-f9 alignnone kt-row-has-bg wp-block-kadence-rowlayout\"><div class=\"kt-row-column-wrap kt-has-4-columns kt-row-layout-equal kt-tab-layout-inherit kt-mobile-layout-row kt-row-valign-top\">\n<style>.kadence-column522_eb68fb-78 > .kt-inside-inner-col,.kadence-column522_eb68fb-78 > .kt-inside-inner-col:before{border-top-left-radius:0px;border-top-right-radius:0px;border-bottom-right-radius:0px;border-bottom-left-radius:0px;}.kadence-column522_eb68fb-78 > .kt-inside-inner-col{column-gap:var(--global-kb-gap-sm, 1rem);}.kadence-column522_eb68fb-78 > .kt-inside-inner-col{flex-direction:column;}.kadence-column522_eb68fb-78 > .kt-inside-inner-col > .aligncenter{width:100%;}.kadence-column522_eb68fb-78 > .kt-inside-inner-col:before{opacity:0.3;}.kadence-column522_eb68fb-78{position:relative;}@media all and (max-width: 1024px){.kadence-column522_eb68fb-78 > .kt-inside-inner-col{flex-direction:column;}}@media all and (max-width: 767px){.kadence-column522_eb68fb-78 > .kt-inside-inner-col{flex-direction:column;}}<\/style>\n<div class=\"wp-block-kadence-column kadence-column522_eb68fb-78\"><div class=\"kt-inside-inner-col\">\n<h2 class=\"wp-block-heading has-text-align-center\">Herz-Kreislauf-Training f\u00fcr Senioren<\/h2>\n<\/div><\/div>\n\n\n<style>.kadence-column522_51c0f9-75 > .kt-inside-inner-col,.kadence-column522_51c0f9-75 > .kt-inside-inner-col:before{border-top-left-radius:0px;border-top-right-radius:0px;border-bottom-right-radius:0px;border-bottom-left-radius:0px;}.kadence-column522_51c0f9-75 > .kt-inside-inner-col{column-gap:var(--global-kb-gap-sm, 1rem);}.kadence-column522_51c0f9-75 > .kt-inside-inner-col{flex-direction:column;}.kadence-column522_51c0f9-75 > .kt-inside-inner-col > .aligncenter{width:100%;}.kadence-column522_51c0f9-75 > .kt-inside-inner-col:before{opacity:0.3;}.kadence-column522_51c0f9-75{position:relative;}@media all and (max-width: 1024px){.kadence-column522_51c0f9-75 > .kt-inside-inner-col{flex-direction:column;}}@media all and (max-width: 767px){.kadence-column522_51c0f9-75 > .kt-inside-inner-col{flex-direction:column;}}<\/style>\n<div class=\"wp-block-kadence-column kadence-column522_51c0f9-75\"><div class=\"kt-inside-inner-col\">\n<p class=\"has-text-align-center\">Pr\u00e4ventionskurs \u00a720 <\/p>\n\n\n\n<p class=\"has-text-align-center\">12 Einheiten \u00e1 60 Minuten<\/p>\n<\/div><\/div>\n\n\n<style>.kadence-column522_f65b00-d2 > .kt-inside-inner-col,.kadence-column522_f65b00-d2 > .kt-inside-inner-col:before{border-top-left-radius:0px;border-top-right-radius:0px;border-bottom-right-radius:0px;border-bottom-left-radius:0px;}.kadence-column522_f65b00-d2 > .kt-inside-inner-col{column-gap:var(--global-kb-gap-sm, 1rem);}.kadence-column522_f65b00-d2 > .kt-inside-inner-col{flex-direction:column;}.kadence-column522_f65b00-d2 > .kt-inside-inner-col > .aligncenter{width:100%;}.kadence-column522_f65b00-d2 > .kt-inside-inner-col:before{opacity:0.3;}.kadence-column522_f65b00-d2{position:relative;}@media all and (max-width: 1024px){.kadence-column522_f65b00-d2 > .kt-inside-inner-col{flex-direction:column;}}@media all and (max-width: 767px){.kadence-column522_f65b00-d2 > .kt-inside-inner-col{flex-direction:column;}}<\/style>\n<div class=\"wp-block-kadence-column kadence-column522_f65b00-d2\"><div class=\"kt-inside-inner-col\">\n<h2 class=\"wp-block-heading has-text-align-center\">Sturzprophylaxe<\/h2>\n<\/div><\/div>\n\n\n<style>.kadence-column522_67d019-ee > .kt-inside-inner-col,.kadence-column522_67d019-ee > .kt-inside-inner-col:before{border-top-left-radius:0px;border-top-right-radius:0px;border-bottom-right-radius:0px;border-bottom-left-radius:0px;}.kadence-column522_67d019-ee > .kt-inside-inner-col{column-gap:var(--global-kb-gap-sm, 1rem);}.kadence-column522_67d019-ee > .kt-inside-inner-col{flex-direction:column;}.kadence-column522_67d019-ee > .kt-inside-inner-col > .aligncenter{width:100%;}.kadence-column522_67d019-ee > .kt-inside-inner-col:before{opacity:0.3;}.kadence-column522_67d019-ee{position:relative;}@media all and (max-width: 1024px){.kadence-column522_67d019-ee > .kt-inside-inner-col{flex-direction:column;}}@media all and (max-width: 767px){.kadence-column522_67d019-ee > .kt-inside-inner-col{flex-direction:column;}}<\/style>\n<div class=\"wp-block-kadence-column kadence-column522_67d019-ee\"><div class=\"kt-inside-inner-col\">\n<p class=\"has-text-align-center\">Pr\u00e4ventionskurs \u00a720 <\/p>\n\n\n\n<p class=\"has-text-align-center\">8 Einheiten \u00e1 60 Minuten<\/p>\n<\/div><\/div>\n\n<\/div><\/div>\n\n<style>.kb-row-layout-id522_4fc714-b2 > .kt-row-column-wrap{align-content:start;}:where(.kb-row-layout-id522_4fc714-b2 > .kt-row-column-wrap) > .wp-block-kadence-column{justify-content:start;}.kb-row-layout-id522_4fc714-b2 > .kt-row-column-wrap{column-gap:var(--global-kb-gap-md, 2rem);row-gap:var(--global-kb-gap-md, 2rem);padding-top:var(--global-kb-spacing-xl, 4rem);padding-right:var(--global-kb-spacing-sm, 1.5rem);padding-bottom:var(--global-kb-spacing-xl, 4rem);padding-left:var(--global-kb-spacing-xl, 4rem);grid-template-columns:repeat(4, minmax(0, 1fr));}.kb-row-layout-id522_4fc714-b2{background-color:#f8f8f4;}.kb-row-layout-id522_4fc714-b2 > .kt-row-layout-overlay{opacity:0.30;}@media all and (max-width: 1024px){.kb-row-layout-id522_4fc714-b2 > .kt-row-column-wrap{grid-template-columns:repeat(4, minmax(0, 1fr));}}@media all and (max-width: 767px){.kb-row-layout-id522_4fc714-b2 > .kt-row-column-wrap{grid-template-columns:minmax(0, 1fr);}}<\/style><div class=\"kb-row-layout-wrap kb-row-layout-id522_4fc714-b2 alignnone kt-row-has-bg wp-block-kadence-rowlayout\"><div class=\"kt-row-column-wrap kt-has-4-columns kt-row-layout-equal kt-tab-layout-inherit kt-mobile-layout-row kt-row-valign-top\">\n<style>.kadence-column522_747dca-b2 > .kt-inside-inner-col,.kadence-column522_747dca-b2 > .kt-inside-inner-col:before{border-top-left-radius:0px;border-top-right-radius:0px;border-bottom-right-radius:0px;border-bottom-left-radius:0px;}.kadence-column522_747dca-b2 > .kt-inside-inner-col{column-gap:var(--global-kb-gap-sm, 1rem);}.kadence-column522_747dca-b2 > .kt-inside-inner-col{flex-direction:column;}.kadence-column522_747dca-b2 > .kt-inside-inner-col > .aligncenter{width:100%;}.kadence-column522_747dca-b2 > .kt-inside-inner-col:before{opacity:0.3;}.kadence-column522_747dca-b2{position:relative;}@media all and (max-width: 1024px){.kadence-column522_747dca-b2 > .kt-inside-inner-col{flex-direction:column;}}@media all and (max-width: 767px){.kadence-column522_747dca-b2 > .kt-inside-inner-col{flex-direction:column;}}<\/style>\n<div class=\"wp-block-kadence-column kadence-column522_747dca-b2\"><div class=\"kt-inside-inner-col\">\n<h2 class=\"wp-block-heading has-text-align-center\">Ganzk\u00f6rper Fit<\/h2>\n<\/div><\/div>\n\n\n<style>.kadence-column522_edf0c6-72 > .kt-inside-inner-col,.kadence-column522_edf0c6-72 > .kt-inside-inner-col:before{border-top-left-radius:0px;border-top-right-radius:0px;border-bottom-right-radius:0px;border-bottom-left-radius:0px;}.kadence-column522_edf0c6-72 > .kt-inside-inner-col{column-gap:var(--global-kb-gap-sm, 1rem);}.kadence-column522_edf0c6-72 > .kt-inside-inner-col{flex-direction:column;}.kadence-column522_edf0c6-72 > .kt-inside-inner-col > .aligncenter{width:100%;}.kadence-column522_edf0c6-72 > .kt-inside-inner-col:before{opacity:0.3;}.kadence-column522_edf0c6-72{position:relative;}@media all and (max-width: 1024px){.kadence-column522_edf0c6-72 > .kt-inside-inner-col{flex-direction:column;}}@media all and (max-width: 767px){.kadence-column522_edf0c6-72 > .kt-inside-inner-col{flex-direction:column;}}<\/style>\n<div class=\"wp-block-kadence-column kadence-column522_edf0c6-72\"><div class=\"kt-inside-inner-col\">\n<p class=\"has-text-align-center\">Pr\u00e4ventionskurs \u00a720 <\/p>\n\n\n\n<p class=\"has-text-align-center\">12 Einheiten \u00e1 60 Minuten<\/p>\n<\/div><\/div>\n\n\n<style>.kadence-column522_83bc09-58 > .kt-inside-inner-col,.kadence-column522_83bc09-58 > .kt-inside-inner-col:before{border-top-left-radius:0px;border-top-right-radius:0px;border-bottom-right-radius:0px;border-bottom-left-radius:0px;}.kadence-column522_83bc09-58 > .kt-inside-inner-col{column-gap:var(--global-kb-gap-sm, 1rem);}.kadence-column522_83bc09-58 > .kt-inside-inner-col{flex-direction:column;}.kadence-column522_83bc09-58 > .kt-inside-inner-col > .aligncenter{width:100%;}.kadence-column522_83bc09-58 > .kt-inside-inner-col:before{opacity:0.3;}.kadence-column522_83bc09-58{position:relative;}@media all and (max-width: 1024px){.kadence-column522_83bc09-58 > .kt-inside-inner-col{flex-direction:column;}}@media all and (max-width: 767px){.kadence-column522_83bc09-58 > .kt-inside-inner-col{flex-direction:column;}}<\/style>\n<div class=\"wp-block-kadence-column kadence-column522_83bc09-58\"><div class=\"kt-inside-inner-col\">\n<h2 class=\"wp-block-heading has-text-align-center\">R\u00fccken Fit<\/h2>\n<\/div><\/div>\n\n\n<style>.kadence-column522_355422-db > .kt-inside-inner-col,.kadence-column522_355422-db > .kt-inside-inner-col:before{border-top-left-radius:0px;border-top-right-radius:0px;border-bottom-right-radius:0px;border-bottom-left-radius:0px;}.kadence-column522_355422-db > .kt-inside-inner-col{column-gap:var(--global-kb-gap-sm, 1rem);}.kadence-column522_355422-db > .kt-inside-inner-col{flex-direction:column;}.kadence-column522_355422-db > .kt-inside-inner-col > .aligncenter{width:100%;}.kadence-column522_355422-db > .kt-inside-inner-col:before{opacity:0.3;}.kadence-column522_355422-db{position:relative;}@media all and (max-width: 1024px){.kadence-column522_355422-db > .kt-inside-inner-col{flex-direction:column;}}@media all and (max-width: 767px){.kadence-column522_355422-db > .kt-inside-inner-col{flex-direction:column;}}<\/style>\n<div class=\"wp-block-kadence-column kadence-column522_355422-db\"><div class=\"kt-inside-inner-col\">\n<p class=\"has-text-align-center\">Pr\u00e4ventionskurs \u00a720 <\/p>\n\n\n\n<p class=\"has-text-align-center\">12 Einheiten \u00e1 60 Minuten <\/p>\n<\/div><\/div>\n\n<\/div><\/div>\n\n<style>.kb-row-layout-id522_907064-dd > .kt-row-column-wrap{align-content:start;}:where(.kb-row-layout-id522_907064-dd > .kt-row-column-wrap) > .wp-block-kadence-column{justify-content:start;}.kb-row-layout-id522_907064-dd > .kt-row-column-wrap{column-gap:var(--global-kb-gap-md, 2rem);row-gap:var(--global-kb-gap-md, 2rem);padding-top:var(--global-kb-spacing-xl, 4rem);padding-right:var(--global-kb-spacing-sm, 1.5rem);padding-bottom:var(--global-kb-spacing-xl, 4rem);padding-left:var(--global-kb-spacing-sm, 1.5rem);grid-template-columns:repeat(4, minmax(0, 1fr));}.kb-row-layout-id522_907064-dd{background-color:#f8f8f4;}.kb-row-layout-id522_907064-dd > .kt-row-layout-overlay{opacity:0.30;}@media all and (max-width: 1024px){.kb-row-layout-id522_907064-dd > .kt-row-column-wrap{grid-template-columns:repeat(4, minmax(0, 1fr));}}@media all and (max-width: 767px){.kb-row-layout-id522_907064-dd > .kt-row-column-wrap{grid-template-columns:minmax(0, 1fr);}}<\/style><div class=\"kb-row-layout-wrap kb-row-layout-id522_907064-dd alignnone kt-row-has-bg wp-block-kadence-rowlayout\"><div class=\"kt-row-column-wrap kt-has-4-columns kt-row-layout-equal kt-tab-layout-inherit kt-mobile-layout-row kt-row-valign-top\">\n<style>.kadence-column522_a9613b-fe > .kt-inside-inner-col,.kadence-column522_a9613b-fe > .kt-inside-inner-col:before{border-top-left-radius:0px;border-top-right-radius:0px;border-bottom-right-radius:0px;border-bottom-left-radius:0px;}.kadence-column522_a9613b-fe > .kt-inside-inner-col{column-gap:var(--global-kb-gap-sm, 1rem);}.kadence-column522_a9613b-fe > .kt-inside-inner-col{flex-direction:column;}.kadence-column522_a9613b-fe > .kt-inside-inner-col > .aligncenter{width:100%;}.kadence-column522_a9613b-fe > .kt-inside-inner-col:before{opacity:0.3;}.kadence-column522_a9613b-fe{position:relative;}@media all and (max-width: 1024px){.kadence-column522_a9613b-fe > .kt-inside-inner-col{flex-direction:column;}}@media all and (max-width: 767px){.kadence-column522_a9613b-fe > .kt-inside-inner-col{flex-direction:column;}}<\/style>\n<div class=\"wp-block-kadence-column kadence-column522_a9613b-fe\"><div class=\"kt-inside-inner-col\">\n<h2 class=\"wp-block-heading has-text-align-center\">Nordic Walking<\/h2>\n<\/div><\/div>\n\n\n<style>.kadence-column522_6b61d5-9d > .kt-inside-inner-col,.kadence-column522_6b61d5-9d > .kt-inside-inner-col:before{border-top-left-radius:0px;border-top-right-radius:0px;border-bottom-right-radius:0px;border-bottom-left-radius:0px;}.kadence-column522_6b61d5-9d > .kt-inside-inner-col{column-gap:var(--global-kb-gap-sm, 1rem);}.kadence-column522_6b61d5-9d > .kt-inside-inner-col{flex-direction:column;}.kadence-column522_6b61d5-9d > .kt-inside-inner-col > .aligncenter{width:100%;}.kadence-column522_6b61d5-9d > .kt-inside-inner-col:before{opacity:0.3;}.kadence-column522_6b61d5-9d{position:relative;}@media all and (max-width: 1024px){.kadence-column522_6b61d5-9d > .kt-inside-inner-col{flex-direction:column;}}@media all and (max-width: 767px){.kadence-column522_6b61d5-9d > .kt-inside-inner-col{flex-direction:column;}}<\/style>\n<div class=\"wp-block-kadence-column kadence-column522_6b61d5-9d\"><div class=\"kt-inside-inner-col\">\n<p class=\"has-text-align-center\">Pr\u00e4ventionskurs \u00a720 <\/p>\n\n\n\n<p class=\"has-text-align-center\">10 Einheiten \u00e1 60 Minuten<\/p>\n<\/div><\/div>\n\n\n<style>.kadence-column522_7a1da2-93 > .kt-inside-inner-col,.kadence-column522_7a1da2-93 > .kt-inside-inner-col:before{border-top-left-radius:0px;border-top-right-radius:0px;border-bottom-right-radius:0px;border-bottom-left-radius:0px;}.kadence-column522_7a1da2-93 > .kt-inside-inner-col{column-gap:var(--global-kb-gap-sm, 1rem);}.kadence-column522_7a1da2-93 > .kt-inside-inner-col{flex-direction:column;}.kadence-column522_7a1da2-93 > .kt-inside-inner-col > .aligncenter{width:100%;}.kadence-column522_7a1da2-93 > .kt-inside-inner-col:before{opacity:0.3;}.kadence-column522_7a1da2-93{position:relative;}@media all and (max-width: 1024px){.kadence-column522_7a1da2-93 > .kt-inside-inner-col{flex-direction:column;}}@media all and (max-width: 767px){.kadence-column522_7a1da2-93 > .kt-inside-inner-col{flex-direction:column;}}<\/style>\n<div class=\"wp-block-kadence-column kadence-column522_7a1da2-93\"><div class=\"kt-inside-inner-col\">\n<h2 class=\"wp-block-heading has-text-align-center\">Osteoporose-pr\u00e4vention<\/h2>\n<\/div><\/div>\n\n\n<style>.kadence-column522_907254-38 > .kt-inside-inner-col,.kadence-column522_907254-38 > .kt-inside-inner-col:before{border-top-left-radius:0px;border-top-right-radius:0px;border-bottom-right-radius:0px;border-bottom-left-radius:0px;}.kadence-column522_907254-38 > .kt-inside-inner-col{column-gap:var(--global-kb-gap-sm, 1rem);}.kadence-column522_907254-38 > .kt-inside-inner-col{flex-direction:column;}.kadence-column522_907254-38 > .kt-inside-inner-col > .aligncenter{width:100%;}.kadence-column522_907254-38 > .kt-inside-inner-col:before{opacity:0.3;}.kadence-column522_907254-38{position:relative;}@media all and (max-width: 1024px){.kadence-column522_907254-38 > .kt-inside-inner-col{flex-direction:column;}}@media all and (max-width: 767px){.kadence-column522_907254-38 > .kt-inside-inner-col{flex-direction:column;}}<\/style>\n<div class=\"wp-block-kadence-column kadence-column522_907254-38\"><div class=\"kt-inside-inner-col\">\n<p class=\"has-text-align-center\">Pr\u00e4ventionskurs \u00a720 <\/p>\n\n\n\n<p class=\"has-text-align-center\">8 Einheiten \u00e1 60 Minuten<\/p>\n<\/div><\/div>\n\n<\/div><\/div>\n\n\n<div class=\"wp-block-buttons is-content-justification-center is-layout-flex wp-container-2 wp-block-buttons-is-layout-flex\">\n<div class=\"wp-block-button\"><a class=\"wp-block-button__link wp-element-button\" href=\"tel:+4924619397250\">Jetzt anrufen<\/a><\/div>\n<\/div>\n","protected":false},"excerpt":{"rendered":"<p>Mit Bewegung und Pr\u00e4vention fit durchs Leben Unsere pr\u00e4ventiven Angebote unterst\u00fctzen Sie dabei, Beweglichkeit, Kraft und Stabilit\u00e4t langfristig zu erhalten [&hellip;]<\/p>\n","protected":false},"author":1,"featured_media":0,"parent":0,"menu_order":0,"comment_status":"closed","ping_status":"closed","template":"","meta":{"_monsterinsights_skip_tracking":false,"_monsterinsights_sitenote_active":false,"_monsterinsights_sitenote_note":"","_monsterinsights_sitenote_category":0,"site-sidebar-layout":"default","site-content-layout":"","ast-site-content-layout":"default","site-content-style":"default","site-sidebar-style":"default","ast-global-header-display":"","ast-banner-title-visibility":"","ast-main-header-display":"","ast-hfb-above-header-display":"","ast-hfb-below-header-display":"","ast-hfb-mobile-header-display":"","site-post-title":"disabled","ast-breadcrumbs-content":"","ast-featured-img":"","footer-sml-layout":"","ast-disable-related-posts":"","theme-transparent-header-meta":"default","adv-header-id-meta":"","stick-header-meta":"","header-above-stick-meta":"","header-main-stick-meta":"","header-below-stick-meta":"","astra-migrate-meta-layouts":"set","ast-page-background-enabled":"default","ast-page-background-meta":{"desktop":{"background-color":"var(--ast-global-color-5)","background-image":"","background-repeat":"repeat","background-position":"center center","background-size":"auto","background-attachment":"scroll","background-type":"","background-media":"","overlay-type":"","overlay-color":"","overlay-opacity":"","overlay-gradient":""},"tablet":{"background-color":"","background-image":"","background-repeat":"repeat","background-position":"center center","background-size":"auto","background-attachment":"scroll","background-type":"","background-media":"","overlay-type":"","overlay-color":"","overlay-opacity":"","overlay-gradient":""},"mobile":{"background-color":"","background-image":"","background-repeat":"repeat","background-position":"center center","background-size":"auto","background-attachment":"scroll","background-type":"","background-media":"","overlay-type":"","overlay-color":"","overlay-opacity":"","overlay-gradient":""}},"ast-content-background-meta":{"desktop":{"background-color":"var(--ast-global-color-4)","background-image":"","background-repeat":"repeat","background-position":"center center","background-size":"auto","background-attachment":"scroll","background-type":"","background-media":"","overlay-type":"","overlay-color":"","overlay-opacity":"","overlay-gradient":""},"tablet":{"background-color":"var(--ast-global-color-4)","background-image":"","background-repeat":"repeat","background-position":"center center","background-size":"auto","background-attachment":"scroll","background-type":"","background-media":"","overlay-type":"","overlay-color":"","overlay-opacity":"","overlay-gradient":""},"mobile":{"background-color":"var(--ast-global-color-4)","background-image":"","background-repeat":"repeat","background-position":"center center","background-size":"auto","background-attachment":"scroll","background-type":"","background-media":"","overlay-type":"","overlay-color":"","overlay-opacity":"","overlay-gradient":""}},"footnotes":""},"aioseo_notices":[],"_links":{"self":[{"href":"https:\/\/xn--rehazen-jlich-4ob.de\/index.php?rest_route=\/wp\/v2\/pages\/522"}],"collection":[{"href":"https:\/\/xn--rehazen-jlich-4ob.de\/index.php?rest_route=\/wp\/v2\/pages"}],"about":[{"href":"https:\/\/xn--rehazen-jlich-4ob.de\/index.php?rest_route=\/wp\/v2\/types\/page"}],"author":[{"embeddable":true,"href":"https:\/\/xn--rehazen-jlich-4ob.de\/index.php?rest_route=\/wp\/v2\/users\/1"}],"replies":[{"embeddable":true,"href":"https:\/\/xn--rehazen-jlich-4ob.de\/index.php?rest_route=%2Fwp%2Fv2%2Fcomments&post=522"}],"version-history":[{"count":4,"href":"https:\/\/xn--rehazen-jlich-4ob.de\/index.php?rest_route=\/wp\/v2\/pages\/522\/revisions"}],"predecessor-version":[{"id":550,"href":"https:\/\/xn--rehazen-jlich-4ob.de\/index.php?rest_route=\/wp\/v2\/pages\/522\/revisions\/550"}],"wp:attachment":[{"href":"https:\/\/xn--rehazen-jlich-4ob.de\/index.php?rest_route=%2Fwp%2Fv2%2Fmedia&parent=522"}],"curies":[{"name":"wp","href":"https:\/\/api.w.org\/{rel}","templated":true}]}}